{"id":2,"date":"2022-07-22T10:11:07","date_gmt":"2022-07-22T10:11:07","guid":{"rendered":"https:\/\/lauf.haen.biz\/?page_id=2"},"modified":"2022-08-10T16:53:39","modified_gmt":"2022-08-10T16:53:39","slug":"sample-page","status":"publish","type":"page","link":"https:\/\/homeoffice-laufband.de\/","title":{"rendered":"Laufb\u00e4nder f\u00fcr das Homeoffice im Vergleich"},"content":{"rendered":"\n<div class=\"wp-container-1 is-vertical wp-block-group\">\n<p><strong>Arbeitest Du wie viele weitere Personen auch h\u00e4ufig sitzend im Homeoffice?<\/strong><br>Vor, w\u00e4hrend oder nach einem Arbeitstag ist es <em><strong>nicht immer m\u00f6glich ausreichend Schritte<\/strong><\/em> drau\u00dfen in der Natur zu schaffen. Die Zeit ist begrenzt, Du hast noch etwas anderes vor oder das Wetter h\u00e4lt Dich davon ab, Dir die Wander-\/ Laufschuhe anzuziehen. Durch das dadurch resultierende zu viele und einseitige Sitzen sind <strong>R\u00fcckenschmerzen <\/strong>oft vorprogrammiert. <\/p>\n\n\n\n<figure class=\"wp-block-image size-large\"><img loading=\"lazy\" width=\"750\" height=\"427\" src=\"https:\/\/i0.wp.com\/homeoffice-laufband.de\/wp-content\/uploads\/2022\/08\/A-girl-in-back-pain-132194-pixahive.jpg?resize=750%2C427&#038;ssl=1\" alt=\"\" class=\"wp-image-65\" srcset=\"https:\/\/i0.wp.com\/homeoffice-laufband.de\/wp-content\/uploads\/2022\/08\/A-girl-in-back-pain-132194-pixahive.jpg?resize=1024%2C583&amp;ssl=1 1024w, https:\/\/i0.wp.com\/homeoffice-laufband.de\/wp-content\/uploads\/2022\/08\/A-girl-in-back-pain-132194-pixahive.jpg?resize=300%2C171&amp;ssl=1 300w, https:\/\/i0.wp.com\/homeoffice-laufband.de\/wp-content\/uploads\/2022\/08\/A-girl-in-back-pain-132194-pixahive.jpg?resize=768%2C437&amp;ssl=1 768w, https:\/\/i0.wp.com\/homeoffice-laufband.de\/wp-content\/uploads\/2022\/08\/A-girl-in-back-pain-132194-pixahive.jpg?resize=1536%2C875&amp;ssl=1 1536w, https:\/\/i0.wp.com\/homeoffice-laufband.de\/wp-content\/uploads\/2022\/08\/A-girl-in-back-pain-132194-pixahive.jpg?resize=2048%2C1166&amp;ssl=1 2048w, https:\/\/i0.wp.com\/homeoffice-laufband.de\/wp-content\/uploads\/2022\/08\/A-girl-in-back-pain-132194-pixahive.jpg?w=2250&amp;ssl=1 2250w\" sizes=\"(max-width: 750px) 100vw, 750px\" data-recalc-dims=\"1\" \/><\/figure>\n\n\n\n<p>Neben dem ergonomischen Schreibtischstuhl und dem h\u00f6henverstellbaren Schreibtisch gibt es einen weiteren Trend, der aktuell Einzug in die B\u00fcros zuhause erh\u00e4lt. Ein Trend, der dabei hilft, ausreichend Schritte zu schaffen: <strong><em>Das Laufband f\u00fcr das Homeoffice-B\u00fcro<\/em><\/strong>.<\/p>\n\n\n\n<p><br><strong>Der Mehrwert dieser Seite f\u00fcr Dich:<\/strong><br>Auf dieser Seite besch\u00e4ftigen wir uns mit verschiedenen Laufb\u00e4ndern f\u00fcr das Homeoffice. So kannst Du schauen, welches Laufband f\u00fcr Dich interessant ist. Damit du Dich daf\u00fcr nicht durch verschiedene Seiten klicken musst, haben wir das Wichtigste f\u00fcr Dich zusammengefasst: Sowohl die Fakten, als auch Erfahrungsberichte bestehender Nutzer. <\/p>\n\n\n\n<p><\/p>\n<\/div>\n\n\n\n<figure id=\"uebersichtstabelle\" class=\"wp-block-table is-style-stripes\"><table class=\"has-fixed-layout\"><tbody><tr><td class=\"has-text-align-center\" data-align=\"center\"><strong><a href=\"#citysport\">CITYSPORTS<\/a><\/strong><br><strong><a href=\"#citysport\">CS-WP2<\/a><\/strong><\/td><td class=\"has-text-align-center\" data-align=\"center\"><strong><a href=\"#walkingpad\">Walking Pad P1<\/a><\/strong><\/td><td class=\"has-text-align-center\" data-align=\"center\"><strong><a href=\"#capitalsports\">Capital Sports Workspace Go Walking Pad<\/a><\/strong><\/td><td class=\"has-text-align-center\" data-align=\"center\"><strong>Mobvoi Home Laufband<\/strong><\/td><\/tr><tr><td class=\"has-text-align-center\" data-align=\"center\"> Abb. folgt<\/td><td class=\"has-text-align-center\" data-align=\"center\">Abb. folgt<\/td><td class=\"has-text-align-center\" data-align=\"center\">Abb. folgt<\/td><td class=\"has-text-align-center\" data-align=\"center\">Abb. folgt<\/td><\/tr><tr><td class=\"has-text-align-center\" data-align=\"center\"><strong>Top-Preis &amp; sehr d\u00fcnnes Laufband<\/strong><\/td><td class=\"has-text-align-center\" data-align=\"center\"><strong>Einfach einklappen &amp; in die Ecke stellen<\/strong><\/td><td class=\"has-text-align-center\" data-align=\"center\"><strong>Farblicher Hingucker &amp; ausgefallenes Design<\/strong><\/td><td class=\"has-text-align-center\" data-align=\"center\"><strong>Mehr Geschwindigkeit &amp; eine Halterung f\u00fcr H\u00e4nde<\/strong><\/td><\/tr><tr><td class=\"has-text-align-center\" data-align=\"center\">1-6 km\/h<\/td><td class=\"has-text-align-center\" data-align=\"center\">0,5-6 km\/h<\/td><td class=\"has-text-align-center\" data-align=\"center\">0,8-6 km\/h<\/td><td class=\"has-text-align-center\" data-align=\"center\">bis 12 km\/h<\/td><\/tr><tr><td class=\"has-text-align-center\" data-align=\"center\">~300\u20ac<\/td><td class=\"has-text-align-center\" data-align=\"center\">~400\u20ac<\/td><td class=\"has-text-align-center\" data-align=\"center\">~320\u20ac<\/td><td class=\"has-text-align-center\" data-align=\"center\">~380\u20ac<\/td><\/tr><tr><td class=\"has-text-align-center\" data-align=\"center\"><a href=\"https:\/\/www.amazon.de\/CITYSPORTS-Bluetooth-Lautsprecher-Geschwindigkeit-LCD-Bildschirm-Kalorienz%C3%A4hler\/dp\/B085ZXC2QX\" target=\"_blank\" rel=\"noreferrer noopener sponsored nofollow\">auf Amazon kaufen<\/a><\/td><td class=\"has-text-align-center\" data-align=\"center\"><a href=\"https:\/\/www.amazon.de\/WalkingPad-Laufband-Fernbedienung-Treadmill-Heimfitness%C3%BCbungen\/dp\/B09XTSC9CS\/\" target=\"_blank\" rel=\"noreferrer noopener sponsored nofollow\">auf Amazon kaufen<\/a><\/td><td class=\"has-text-align-center\" data-align=\"center\"><a href=\"https:\/\/www.amazon.de\/Capital-Sports-Workspace-Tischlaufband-Ultraflach\/dp\/B08KRZF5WH\/\" target=\"_blank\" rel=\"noreferrer noopener sponsored nofollow\">auf Amazon kaufen<\/a><\/td><td class=\"has-text-align-center\" data-align=\"center\"><a href=\"https:\/\/www.amazon.de\/Mobvoi-Bluetooth-Lautsprecher-Fernbedienung-Heimfitness%C3%BCbungen-Black\/dp\/B094FNP3BW\" target=\"_blank\" rel=\"noreferrer noopener sponsored nofollow\">auf Amazon kaufen<\/a><\/td><\/tr><\/tbody><\/table><\/figure>\n\n\n\n<p id=\"citysport\"><strong>CITYSPORTS CS-WP2<\/strong><br><em>Top-Preis &amp; sehr d\u00fcnnes Laufband<\/em><br>Abb. folgt<\/p>\n\n\n\n<figure class=\"wp-block-table\"><table><tbody><tr><td>Preis<\/td><td>300 \u20ac<\/td><\/tr><tr><td>L\u00e4nge\/ Breite\/ H\u00f6he<\/td><td>134 x 59 x 12,5 cm<\/td><\/tr><tr><td>Gewicht<\/td><td>27 kg<\/td><\/tr><tr><td>Geschwindigkeit<\/td><td>1-6 km\/h<\/td><\/tr><tr><td>Motorleistung<\/td><td>440 Watt<\/td><\/tr><tr><td>max. K\u00f6rpergewicht<\/td><td>110 kg<\/td><\/tr><tr><td>Lieferumfang<\/td><td>Fernbedienung, Netzkabel, Handbuch, Schmier\u00f6l<\/td><\/tr><tr><td>Bluetooth-Lautsprecher<\/td><td>ja<\/td><\/tr><tr><td>Vorteile<\/td><td>+ Einfaches, sehr d\u00fcnnes Laufband zu einem fairen Preis<br>+ Praktische R\u00e4der unter dem Laufband zum einfachen Platzieren<br>+ Sehr kompakt, einfach zu verstauen<br>+ Lautst\u00e4rke ist nicht st\u00f6rend f\u00fcr den Nutzer, ger\u00e4uscharm, kein Problem bei Calls<br>+ Eingebaute Kindersicherung<\/td><\/tr><tr><td>Nachteile<\/td><td>&#8211; F\u00fcr Menschen, die nicht schwer heben d\u00fcrfen, bedarf es Unterst\u00fctzung beim Platzieren<br>&#8211; Training kann nicht pausiert, sondern nur beendet werden<br>&#8211; Wegen der Lautst\u00e4rke nicht geeignet f\u00fcr das Arbeiten mit mehreren Personen in einem Raum<br>&#8211; Kalorienangabe ungenau<br>&#8211; Integrierter Lautsprecher mit mittelm\u00e4\u00dfiger Tonqualit\u00e4t \u00a0<\/td><\/tr><\/tbody><\/table><\/figure>\n\n\n\n<p id=\"walkingpad\"><strong>Walking Pad P1<\/strong><br><em>Einfach einklappen &amp; in die Ecke stellen<\/em><br>Abb. folgt<\/p>\n\n\n\n<figure class=\"wp-block-table\"><table><tbody><tr><td>Preis<\/td><td>400 \u20ac<\/td><\/tr><tr><td>L\u00e4nge\/ Breite\/ H\u00f6he<\/td><td>143,2 x 54,7 x 12,9 cm<\/td><\/tr><tr><td>Gewicht<\/td><td>28 kg<\/td><\/tr><tr><td>Geschwindigkeit<\/td><td>0,5-6 km\/h<\/td><\/tr><tr><td>Motorleistung<\/td><td>746 Watt<\/td><\/tr><tr><td>K\u00f6rpergewicht<\/td><td>100 kg<\/td><\/tr><tr><td>Lieferumfang<\/td><td>Fernbedienung, Schmier\u00f6l<\/td><\/tr><tr><td>Bluetooth-Lautsprecher<\/td><td>nein<\/td><\/tr><tr><td>Vorteile<\/td><td>+ Vormontiert, dadurch sofort einsatzbereit<br>+ Leichtes Verstauen unter Sofa durch Einklappen des Laufbandes <br>+ R\u00e4der zum Verstauen<br>+ Laufger\u00e4usche werden minimiert durch spezielle Schichtung<br>+ Edles Design durch Aluminium-Legierung<br>+ Bedienung neben Fernbedienung auch via App\/ Automatikmodus m\u00f6glich<br>+ Eingebaute Kindersicherung<br>+ Gute Serviceerfahrungen der Nutzer<\/td><\/tr><tr><td>Nachteile<\/td><td>&#8211; Bei 0,5 km\/h l\u00e4uft das Band nicht ganz gleichm\u00e4\u00dfig<br>&#8211; Zum Nutzen der App wird das Angeben einer Mailadresse ben\u00f6tigt<br>&#8211; Personen mit R\u00fcckenschmerzen ben\u00f6tigen ggf. Unterst\u00fctzung beim Verstauen des Walking Pads, wenn es unter das Sofa geschoben werden soll<br>&#8211; Manche Nutzer kritisieren Ger\u00e4usche die auftreten. Andere Nutzer sagen explizit, dass sie bei ihnen nicht aufgetreten sind. Das Problem hat nur wenige Laufb\u00e4nder betroffen. In dem Fall wurde der Service des Herstellers gut bewertet.<\/td><\/tr><\/tbody><\/table><\/figure>\n\n\n\n<p id=\"capitalsports\"><strong>Capital Sports Workspace Go Walking Pad<\/strong><br><em>Ein farblicher Hingucker &amp; ein ausgefallenes Design<\/em><br>Abb. folgt<\/p>\n\n\n\n<figure class=\"wp-block-table\"><table><tbody><tr><td>Preis<\/td><td>320 \u20ac<\/td><\/tr><tr><td>L\u00e4nge\/ Breite\/ H\u00f6he<\/td><td>140 x 62 x 16 cm<\/td><\/tr><tr><td>Gewicht<\/td><td>25 kg<\/td><\/tr><tr><td>Geschwindigkeit<\/td><td>0,8-6 km\/h<\/td><\/tr><tr><td>Motorleistung<\/td><td>350 Watt<\/td><\/tr><tr><td>K\u00f6rpergewicht<\/td><td>120 kg<\/td><\/tr><tr><td>Lieferumfang<\/td><td>Fernbedienung, mehrsprachige Bedienungsanleitung<\/td><\/tr><tr><td>Bluetooth-Lautsprecher<\/td><td>nein<\/td><\/tr><tr><td>Vorteile<\/td><td>+ Dieses Laufband besticht durch sein einzigartiges, ros\u00e9goldenes Design<br>+ Laufband ist  sehr leicht und dank Transportrollen leicht zu verschieben<br>+ Laufband wird von vielen Nutzern als leise beschrieben<br>+ Die Anti-Rutsch-Oberfl\u00e4che sorgt f\u00fcr eine bessere Haftung und f\u00fcr mehr Sicherheit<br>+ Ein gro\u00dfes, \u00fcbersichtliches Display gibt Aufschluss \u00fcber Strecke, Zeit, Kalorien<br>+ Man kann es hochkant an die Wand stellen<br>+ Auch bei geringen Geschwindigkeiten kann man gut gehen<br>+ Geringer Stromverbrauch<\/td><\/tr><tr><td>Nachteile<\/td><td>&#8211; Laufband wird von manchen Nutzern als zu schmal beschrieben<br>&#8211; Fernbedienung muss auf das Laufband ausgerichtet werden, damit sie funktioniert<br>&#8211; Laufband kann etwas lauter werden, wenn man zu weit hinten l\u00e4uft<br>&#8211; Schrittz\u00e4hler wird als etwas ungenau bem\u00e4ngelt<\/td><\/tr><\/tbody><\/table><\/figure>\n","protected":false},"excerpt":{"rendered":"<p>Arbeitest Du wie viele weitere Personen auch h\u00e4ufig sitzend im Homeoffice?Vor, w\u00e4hrend oder nach einem Arbeitstag ist es nicht immer m\u00f6glich ausreichend Schritte drau\u00dfen in der Natur zu schaffen. Die Zeit ist begrenzt, Du hast noch etwas anderes vor oder das Wetter h\u00e4lt Dich davon ab, Dir die Wander-\/ Laufschuhe [&hellip;]<\/p>\n","protected":false},"author":1,"featured_media":0,"parent":0,"menu_order":0,"comment_status":"closed","ping_status":"open","template":"","meta":[],"yoast_head":"<!-- This site is optimized with the Yoast SEO plugin v19.5.1 - https:\/\/yoast.com\/wordpress\/plugins\/seo\/ -->\n<title>Laufb\u00e4nder f\u00fcr das Homeoffice im Vergleich - Homeoffice-Laufband.de<\/title>\n<meta name=\"robots\" content=\"noindex, follow, max-snippet:-1, max-image-preview:large, max-video-preview:-1\" \/>\n<meta property=\"og:locale\" content=\"de_DE\" \/>\n<meta property=\"og:type\" content=\"article\" \/>\n<meta property=\"og:title\" content=\"Laufb\u00e4nder f\u00fcr das Homeoffice im Vergleich - Homeoffice-Laufband.de\" \/>\n<meta property=\"og:description\" content=\"Arbeitest Du wie viele weitere Personen auch h\u00e4ufig sitzend im Homeoffice?Vor, w\u00e4hrend oder nach einem Arbeitstag ist es nicht immer m\u00f6glich ausreichend Schritte drau\u00dfen in der Natur zu schaffen. Die Zeit ist begrenzt, Du hast noch etwas anderes vor oder das Wetter h\u00e4lt Dich davon ab, Dir die Wander-\/ Laufschuhe [&hellip;]\" \/>\n<meta property=\"og:url\" content=\"https:\/\/homeoffice-laufband.de\/\" \/>\n<meta property=\"og:site_name\" content=\"Homeoffice-Laufband.de\" \/>\n<meta property=\"article:modified_time\" content=\"2022-08-10T16:53:39+00:00\" \/>\n<meta property=\"og:image\" content=\"https:\/\/homeoffice-laufband.de\/wp-content\/uploads\/2022\/08\/A-girl-in-back-pain-132194-pixahive-1024x583.jpg\" \/>\n<meta name=\"twitter:card\" content=\"summary_large_image\" \/>\n<meta name=\"twitter:label1\" content=\"Gesch\u00e4tzte Lesezeit\" \/>\n\t<meta name=\"twitter:data1\" content=\"4\u00a0Minuten\" \/>\n<script type=\"application\/ld+json\" class=\"yoast-schema-graph\">{\"@context\":\"https:\/\/schema.org\",\"@graph\":[{\"@type\":\"WebPage\",\"@id\":\"https:\/\/homeoffice-laufband.de\/\",\"url\":\"https:\/\/homeoffice-laufband.de\/\",\"name\":\"Laufb\u00e4nder f\u00fcr das Homeoffice im Vergleich - Homeoffice-Laufband.de\",\"isPartOf\":{\"@id\":\"https:\/\/homeoffice-laufband.de\/#website\"},\"datePublished\":\"2022-07-22T10:11:07+00:00\",\"dateModified\":\"2022-08-10T16:53:39+00:00\",\"breadcrumb\":{\"@id\":\"https:\/\/homeoffice-laufband.de\/#breadcrumb\"},\"inLanguage\":\"de\",\"potentialAction\":[{\"@type\":\"ReadAction\",\"target\":[\"https:\/\/homeoffice-laufband.de\/\"]}]},{\"@type\":\"BreadcrumbList\",\"@id\":\"https:\/\/homeoffice-laufband.de\/#breadcrumb\",\"itemListElement\":[{\"@type\":\"ListItem\",\"position\":1,\"name\":\"Home\",\"item\":\"https:\/\/homeoffice-laufband.de\/\"},{\"@type\":\"ListItem\",\"position\":2,\"name\":\"Laufb\u00e4nder f\u00fcr das Homeoffice im Vergleich\"}]},{\"@type\":\"WebSite\",\"@id\":\"https:\/\/homeoffice-laufband.de\/#website\",\"url\":\"https:\/\/homeoffice-laufband.de\/\",\"name\":\"Homeoffice-Laufband.de\",\"description\":\"Dein Laufband f\u00fcrs Homeoffice\",\"potentialAction\":[{\"@type\":\"SearchAction\",\"target\":{\"@type\":\"EntryPoint\",\"urlTemplate\":\"https:\/\/homeoffice-laufband.de\/?s={search_term_string}\"},\"query-input\":\"required name=search_term_string\"}],\"inLanguage\":\"de\"}]}<\/script>\n<!-- \/ Yoast SEO plugin. -->","yoast_head_json":{"title":"Laufb\u00e4nder f\u00fcr das Homeoffice im Vergleich - Homeoffice-Laufband.de","robots":{"index":"noindex","follow":"follow","max-snippet":"max-snippet:-1","max-image-preview":"max-image-preview:large","max-video-preview":"max-video-preview:-1"},"og_locale":"de_DE","og_type":"article","og_title":"Laufb\u00e4nder f\u00fcr das Homeoffice im Vergleich - Homeoffice-Laufband.de","og_description":"Arbeitest Du wie viele weitere Personen auch h\u00e4ufig sitzend im Homeoffice?Vor, w\u00e4hrend oder nach einem Arbeitstag ist es nicht immer m\u00f6glich ausreichend Schritte drau\u00dfen in der Natur zu schaffen. Die Zeit ist begrenzt, Du hast noch etwas anderes vor oder das Wetter h\u00e4lt Dich davon ab, Dir die Wander-\/ Laufschuhe [&hellip;]","og_url":"https:\/\/homeoffice-laufband.de\/","og_site_name":"Homeoffice-Laufband.de","article_modified_time":"2022-08-10T16:53:39+00:00","og_image":[{"url":"https:\/\/homeoffice-laufband.de\/wp-content\/uploads\/2022\/08\/A-girl-in-back-pain-132194-pixahive-1024x583.jpg"}],"twitter_card":"summary_large_image","twitter_misc":{"Gesch\u00e4tzte Lesezeit":"4\u00a0Minuten"},"schema":{"@context":"https:\/\/schema.org","@graph":[{"@type":"WebPage","@id":"https:\/\/homeoffice-laufband.de\/","url":"https:\/\/homeoffice-laufband.de\/","name":"Laufb\u00e4nder f\u00fcr das Homeoffice im Vergleich - Homeoffice-Laufband.de","isPartOf":{"@id":"https:\/\/homeoffice-laufband.de\/#website"},"datePublished":"2022-07-22T10:11:07+00:00","dateModified":"2022-08-10T16:53:39+00:00","breadcrumb":{"@id":"https:\/\/homeoffice-laufband.de\/#breadcrumb"},"inLanguage":"de","potentialAction":[{"@type":"ReadAction","target":["https:\/\/homeoffice-laufband.de\/"]}]},{"@type":"BreadcrumbList","@id":"https:\/\/homeoffice-laufband.de\/#breadcrumb","itemListElement":[{"@type":"ListItem","position":1,"name":"Home","item":"https:\/\/homeoffice-laufband.de\/"},{"@type":"ListItem","position":2,"name":"Laufb\u00e4nder f\u00fcr das Homeoffice im Vergleich"}]},{"@type":"WebSite","@id":"https:\/\/homeoffice-laufband.de\/#website","url":"https:\/\/homeoffice-laufband.de\/","name":"Homeoffice-Laufband.de","description":"Dein Laufband f\u00fcrs Homeoffice","potentialAction":[{"@type":"SearchAction","target":{"@type":"EntryPoint","urlTemplate":"https:\/\/homeoffice-laufband.de\/?s={search_term_string}"},"query-input":"required name=search_term_string"}],"inLanguage":"de"}]}},"jetpack-related-posts":[{"id":43,"url":"https:\/\/homeoffice-laufband.de\/?page_id=43","url_meta":{"origin":2,"position":0},"title":"Impressum","date":"August 2, 2022","format":false,"excerpt":"Angaben gem\u00e4\u00df \u00a7 5 TMGHanna WenzelHanna Wenzel Coaching & ConsultingDeckertstra\u00dfe 2633617 Bielefeld KontaktE-Mail: homeofficelaufband@gmail.com Verbraucherstreitbeilegung\/UniversalschlichtungsstelleWir sind nicht bereit oder verpflichtet, an Streitbeilegungsverfahren vor einerVerbraucherschlichtungsstelle teilzunehmen.","rel":"","context":"\u00c4hnlicher Beitrag","img":{"alt_text":"","src":"","width":0,"height":0},"classes":[]}],"_links":{"self":[{"href":"https:\/\/homeoffice-laufband.de\/index.php?rest_route=\/wp\/v2\/pages\/2"}],"collection":[{"href":"https:\/\/homeoffice-laufband.de\/index.php?rest_route=\/wp\/v2\/pages"}],"about":[{"href":"https:\/\/homeoffice-laufband.de\/index.php?rest_route=\/wp\/v2\/types\/page"}],"author":[{"embeddable":true,"href":"https:\/\/homeoffice-laufband.de\/index.php?rest_route=\/wp\/v2\/users\/1"}],"replies":[{"embeddable":true,"href":"https:\/\/homeoffice-laufband.de\/index.php?rest_route=%2Fwp%2Fv2%2Fcomments&post=2"}],"version-history":[{"count":25,"href":"https:\/\/homeoffice-laufband.de\/index.php?rest_route=\/wp\/v2\/pages\/2\/revisions"}],"predecessor-version":[{"id":83,"href":"https:\/\/homeoffice-laufband.de\/index.php?rest_route=\/wp\/v2\/pages\/2\/revisions\/83"}],"wp:attachment":[{"href":"https:\/\/homeoffice-laufband.de\/index.php?rest_route=%2Fwp%2Fv2%2Fmedia&parent=2"}],"curies":[{"name":"wp","href":"https:\/\/api.w.org\/{rel}","templated":true}]}}